{"id":6539,"date":"2021-04-30T11:36:53","date_gmt":"2021-04-30T09:36:53","guid":{"rendered":"http:\/\/3.72.202.74\/?page_id=6539"},"modified":"2021-04-30T12:02:03","modified_gmt":"2021-04-30T10:02:03","slug":"zarzadzanie-klientem-i-zwierzetami","status":"publish","type":"page","link":"http:\/\/3.72.202.74\/pl\/zarzadzanie-klientem-i-zwierzetami\/","title":{"rendered":"Zarz\u0105dzanie klientem i zwierz\u0119tami"},"content":{"rendered":"[vc_row type=&#8221;full_width_background&#8221; full_screen_row_position=&#8221;middle&#8221; column_margin=&#8221;default&#8221; column_direction=&#8221;default&#8221; column_direction_tablet=&#8221;default&#8221; column_direction_phone=&#8221;default&#8221; bg_color=&#8221;#fef4ee&#8221; full_height=&#8221;yes&#8221; scene_position=&#8221;center&#8221; text_color=&#8221;dark&#8221; text_align=&#8221;left&#8221; row_border_radius=&#8221;none&#8221; row_border_radius_applies=&#8221;bg&#8221; overlay_strength=&#8221;0.3&#8243; gradient_direction=&#8221;left_to_right&#8221; shape_divider_position=&#8221;bottom&#8221; bg_image_animation=&#8221;none&#8221; shape_type=&#8221;&#8221;][vc_column column_padding=&#8221;no-extra-padding&#8221; column_padding_tablet=&#8221;inherit&#8221; column_padding_phone=&#8221;inherit&#8221; column_padding_position=&#8221;all&#8221; top_margin=&#8221;96&#8243; bottom_margin=&#8221;96&#8243; centered_text=&#8221;true&#8221; background_color_opacity=&#8221;1&#8243; background_hover_color_opacity=&#8221;1&#8243; column_shadow=&#8221;none&#8221; column_border_radius=&#8221;none&#8221; column_link_target=&#8221;_self&#8221; gradient_direction=&#8221;left_to_right&#8221; overlay_strength=&#8221;0.3&#8243; width=&#8221;1\/1&#8243; tablet_width_inherit=&#8221;default&#8221; tablet_text_alignment=&#8221;default&#8221; phone_text_alignment=&#8221;default&#8221; column_border_width=&#8221;none&#8221; column_border_style=&#8221;solid&#8221; bg_image_animation=&#8221;none&#8221;][image_with_animation image_url=&#8221;6483&#8243; animation=&#8221;Fade In&#8221; hover_animation=&#8221;none&#8221; alignment=&#8221;center&#8221; border_radius=&#8221;none&#8221; box_shadow=&#8221;none&#8221; image_loading=&#8221;default&#8221; max_width=&#8221;50%&#8221; max_width_mobile=&#8221;default&#8221; el_class=&#8221;w470&#8243;][vc_custom_heading text=&#8221;Zarz\u0105dzanie klientem i zwierz\u0119tami&#8221; font_container=&#8221;tag:h2|font_size:32px|text_align:center|color:%231a1a1a|line_height:48px&#8221; use_theme_fonts=&#8221;yes&#8221; css=&#8221;.vc_custom_1619776507968{margin-top: 24px !important;margin-bottom: 24px !important;}&#8221;][vc_custom_heading text=&#8221;Masz ch\u0119tnych na wizyt\u0119? Jeden klik i za\u0142atwione. Spotkania pozwol\u0105 ci szybko i sprawnie zarz\u0105dza\u0107 zaplanowanymi wizytami oraz umawia\u0107 nowe. To tak\u017ce nieocenione narz\u0119dzie, by przypomnie\u0107 sobie najwa\u017cniejsze informacje o czworonogu kiedy tylko tego potrzebujesz.&#8221; font_container=&#8221;tag:div|font_size:20px|text_align:center|color:%231a1a1a|line_height:32px&#8221; use_theme_fonts=&#8221;yes&#8221;][\/vc_column][\/vc_row][vc_row type=&#8221;full_width_background&#8221; full_screen_row_position=&#8221;middle&#8221; column_margin=&#8221;default&#8221; column_direction=&#8221;default&#8221; column_direction_tablet=&#8221;default&#8221; column_direction_phone=&#8221;default&#8221; bg_color=&#8221;#eb7236&#8243; scene_position=&#8221;center&#8221; top_padding=&#8221;96&#8243; bottom_padding=&#8221;96&#8243; text_color=&#8221;dark&#8221; text_align=&#8221;left&#8221; row_border_radius=&#8221;none&#8221; row_border_radius_applies=&#8221;bg&#8221; overlay_strength=&#8221;0.3&#8243; gradient_direction=&#8221;left_to_right&#8221; shape_divider_position=&#8221;bottom&#8221; bg_image_animation=&#8221;none&#8221; shape_type=&#8221;&#8221;][vc_column column_padding=&#8221;no-extra-padding&#8221; column_padding_tablet=&#8221;inherit&#8221; column_padding_phone=&#8221;inherit&#8221; column_padding_position=&#8221;all&#8221; background_color_opacity=&#8221;1&#8243; background_hover_color_opacity=&#8221;1&#8243; column_shadow=&#8221;none&#8221; column_border_radius=&#8221;none&#8221; column_link_target=&#8221;_self&#8221; gradient_direction=&#8221;left_to_right&#8221; overlay_strength=&#8221;0.3&#8243; width=&#8221;1\/4&#8243; tablet_width_inherit=&#8221;default&#8221; tablet_text_alignment=&#8221;default&#8221; phone_text_alignment=&#8221;default&#8221; column_border_width=&#8221;none&#8221; column_border_style=&#8221;solid&#8221; bg_image_animation=&#8221;none&#8221;][\/vc_column][vc_column column_padding=&#8221;no-extra-padding&#8221; column_padding_tablet=&#8221;inherit&#8221; column_padding_phone=&#8221;inherit&#8221; column_padding_position=&#8221;all&#8221; centered_text=&#8221;true&#8221; background_color_opacity=&#8221;1&#8243; background_hover_color_opacity=&#8221;1&#8243; column_shadow=&#8221;none&#8221; column_border_radius=&#8221;none&#8221; column_link_target=&#8221;_self&#8221; gradient_direction=&#8221;left_to_right&#8221; overlay_strength=&#8221;0.3&#8243; width=&#8221;1\/2&#8243; tablet_width_inherit=&#8221;default&#8221; tablet_text_alignment=&#8221;default&#8221; phone_text_alignment=&#8221;default&#8221; column_border_width=&#8221;none&#8221; column_border_style=&#8221;solid&#8221; bg_image_animation=&#8221;none&#8221;][vc_custom_heading text=&#8221;Do\u0142\u0105cz do 100+ zwierz\u0119cych biznes\u00f3w<br \/>\nkt\u00f3re u\u017cywaj\u0105 Petsly by skutecznie otacza\u0107 opiek\u0105 zwierz\u0119ta&#8221; font_container=&#8221;tag:h1|font_size:32px|text_align:center|color:%23ffffff|line_height:48px&#8221; use_theme_fonts=&#8221;yes&#8221; css=&#8221;.vc_custom_1619776919621{margin-bottom: 32px !important;}&#8221;][nectar_btn size=&#8221;large&#8221; button_style=&#8221;regular&#8221; button_color_2=&#8221;Extra-Color-2&#8243; solid_text_color_override=&#8221;#eb7236&#8243; icon_family=&#8221;none&#8221; text=&#8221;Rozpocznij ju\u017c teraz&#8221; url=&#8221;https:\/\/app.petsly.io&#8221;][\/vc_column][vc_column column_padding=&#8221;no-extra-padding&#8221; column_padding_tablet=&#8221;inherit&#8221; column_padding_phone=&#8221;inherit&#8221; column_padding_position=&#8221;all&#8221; background_color_opacity=&#8221;1&#8243; background_hover_color_opacity=&#8221;1&#8243; column_shadow=&#8221;none&#8221; column_border_radius=&#8221;none&#8221; column_link_target=&#8221;_self&#8221; gradient_direction=&#8221;left_to_right&#8221; overlay_strength=&#8221;0.3&#8243; width=&#8221;1\/4&#8243; tablet_width_inherit=&#8221;default&#8221; tablet_text_alignment=&#8221;default&#8221; phone_text_alignment=&#8221;default&#8221; column_border_width=&#8221;none&#8221; column_border_style=&#8221;solid&#8221; bg_image_animation=&#8221;none&#8221;][\/vc_column][\/vc_row]\n","protected":false},"excerpt":{"rendered":"<p>[vc_row type=&#8221;full_width_background&#8221; full_screen_row_position=&#8221;middle&#8221; column_margin=&#8221;default&#8221; column_direction=&#8221;default&#8221; column_direction_tablet=&#8221;default&#8221; column_direction_phone=&#8221;default&#8221; bg_color=&#8221;#fef4ee&#8221; full_height=&#8221;yes&#8221; scene_position=&#8221;center&#8221; text_color=&#8221;dark&#8221; text_align=&#8221;left&#8221; row_border_radius=&#8221;none&#8221; row_border_radius_applies=&#8221;bg&#8221; overlay_strength=&#8221;0.3&#8243; gradient_direction=&#8221;left_to_right&#8221; shape_divider_position=&#8221;bottom&#8221; bg_image_animation=&#8221;none&#8221; shape_type=&#8221;&#8221;][vc_column column_padding=&#8221;no-extra-padding&#8221; column_padding_tablet=&#8221;inherit&#8221; column_padding_phone=&#8221;inherit&#8221; column_padding_position=&#8221;all&#8221; top_margin=&#8221;96&#8243; bottom_margin=&#8221;96&#8243;&#8230;<\/p>\n","protected":false},"author":1,"featured_media":0,"parent":0,"menu_order":0,"comment_status":"closed","ping_status":"closed","template":"","meta":[],"yoast_head":"<!-- This site is optimized with the Yoast SEO plugin v18.6 - https:\/\/yoast.com\/wordpress\/plugins\/seo\/ -->\n<title>Petsly - Zarz\u0105dzanie klientem i zwierz\u0119tami<\/title>\n<meta name=\"robots\" content=\"index, follow, max-snippet:-1, max-image-preview:large, max-video-preview:-1\" \/>\n<link rel=\"canonical\" href=\"http:\/\/3.72.202.74\/pl\/zarzadzanie-klientem-i-zwierzetami\/\" \/>\n<meta property=\"og:locale\" content=\"pl_PL\" \/>\n<meta property=\"og:type\" content=\"article\" \/>\n<meta property=\"og:title\" content=\"Petsly - Zarz\u0105dzanie klientem i zwierz\u0119tami\" \/>\n<meta property=\"og:description\" content=\"[vc_row type=&#8221;full_width_background&#8221; full_screen_row_position=&#8221;middle&#8221; column_margin=&#8221;default&#8221; column_direction=&#8221;default&#8221; column_direction_tablet=&#8221;default&#8221; column_direction_phone=&#8221;default&#8221; bg_color=&#8221;#fef4ee&#8221; full_height=&#8221;yes&#8221; scene_position=&#8221;center&#8221; text_color=&#8221;dark&#8221; text_align=&#8221;left&#8221; row_border_radius=&#8221;none&#8221; row_border_radius_applies=&#8221;bg&#8221; overlay_strength=&#8221;0.3&#8243; gradient_direction=&#8221;left_to_right&#8221; shape_divider_position=&#8221;bottom&#8221; bg_image_animation=&#8221;none&#8221; shape_type=&#8221;&#8221;][vc_column column_padding=&#8221;no-extra-padding&#8221; column_padding_tablet=&#8221;inherit&#8221; column_padding_phone=&#8221;inherit&#8221; column_padding_position=&#8221;all&#8221; top_margin=&#8221;96&#8243; bottom_margin=&#8221;96&#8243;...\" \/>\n<meta property=\"og:url\" content=\"http:\/\/3.72.202.74\/pl\/zarzadzanie-klientem-i-zwierzetami\/\" \/>\n<meta property=\"og:site_name\" content=\"Petsly\" \/>\n<meta property=\"article:modified_time\" content=\"2021-04-30T10:02:03+00:00\" \/>\n<meta name=\"twitter:card\" content=\"summary_large_image\" \/>\n<meta name=\"twitter:label1\" content=\"Szacowany czas czytania\" \/>\n\t<meta name=\"twitter:data1\" content=\"1 minuta\" \/>\n<script type=\"application\/ld+json\" class=\"yoast-schema-graph\">{\"@context\":\"https:\/\/schema.org\",\"@graph\":[{\"@type\":\"WebSite\",\"@id\":\"http:\/\/3.72.202.74:80\/#website\",\"url\":\"http:\/\/3.72.202.74:80\/\",\"name\":\"Petsly\",\"description\":\"Healthy Pet, Happy Owner\",\"potentialAction\":[{\"@type\":\"SearchAction\",\"target\":{\"@type\":\"EntryPoint\",\"urlTemplate\":\"http:\/\/3.72.202.74:80\/?s={search_term_string}\"},\"query-input\":\"required name=search_term_string\"}],\"inLanguage\":\"pl-PL\"},{\"@type\":\"WebPage\",\"@id\":\"http:\/\/3.72.202.74\/pl\/zarzadzanie-klientem-i-zwierzetami\/#webpage\",\"url\":\"http:\/\/3.72.202.74\/pl\/zarzadzanie-klientem-i-zwierzetami\/\",\"name\":\"Petsly - Zarz\u0105dzanie klientem i zwierz\u0119tami\",\"isPartOf\":{\"@id\":\"http:\/\/3.72.202.74:80\/#website\"},\"datePublished\":\"2021-04-30T09:36:53+00:00\",\"dateModified\":\"2021-04-30T10:02:03+00:00\",\"breadcrumb\":{\"@id\":\"http:\/\/3.72.202.74\/pl\/zarzadzanie-klientem-i-zwierzetami\/#breadcrumb\"},\"inLanguage\":\"pl-PL\",\"potentialAction\":[{\"@type\":\"ReadAction\",\"target\":[\"http:\/\/3.72.202.74\/pl\/zarzadzanie-klientem-i-zwierzetami\/\"]}]},{\"@type\":\"BreadcrumbList\",\"@id\":\"http:\/\/3.72.202.74\/pl\/zarzadzanie-klientem-i-zwierzetami\/#breadcrumb\",\"itemListElement\":[{\"@type\":\"ListItem\",\"position\":1,\"name\":\"Home\",\"item\":\"https:\/\/3.72.202.74\/pl\/\"},{\"@type\":\"ListItem\",\"position\":2,\"name\":\"Zarz\u0105dzanie klientem i zwierz\u0119tami\"}]}]}<\/script>\n<!-- \/ Yoast SEO plugin. -->","yoast_head_json":{"title":"Petsly - Zarz\u0105dzanie klientem i zwierz\u0119tami","robots":{"index":"index","follow":"follow","max-snippet":"max-snippet:-1","max-image-preview":"max-image-preview:large","max-video-preview":"max-video-preview:-1"},"canonical":"http:\/\/3.72.202.74\/pl\/zarzadzanie-klientem-i-zwierzetami\/","og_locale":"pl_PL","og_type":"article","og_title":"Petsly - Zarz\u0105dzanie klientem i zwierz\u0119tami","og_description":"[vc_row type=&#8221;full_width_background&#8221; full_screen_row_position=&#8221;middle&#8221; column_margin=&#8221;default&#8221; column_direction=&#8221;default&#8221; column_direction_tablet=&#8221;default&#8221; column_direction_phone=&#8221;default&#8221; bg_color=&#8221;#fef4ee&#8221; full_height=&#8221;yes&#8221; scene_position=&#8221;center&#8221; text_color=&#8221;dark&#8221; text_align=&#8221;left&#8221; row_border_radius=&#8221;none&#8221; row_border_radius_applies=&#8221;bg&#8221; overlay_strength=&#8221;0.3&#8243; gradient_direction=&#8221;left_to_right&#8221; shape_divider_position=&#8221;bottom&#8221; bg_image_animation=&#8221;none&#8221; shape_type=&#8221;&#8221;][vc_column column_padding=&#8221;no-extra-padding&#8221; column_padding_tablet=&#8221;inherit&#8221; column_padding_phone=&#8221;inherit&#8221; column_padding_position=&#8221;all&#8221; top_margin=&#8221;96&#8243; bottom_margin=&#8221;96&#8243;...","og_url":"http:\/\/3.72.202.74\/pl\/zarzadzanie-klientem-i-zwierzetami\/","og_site_name":"Petsly","article_modified_time":"2021-04-30T10:02:03+00:00","twitter_card":"summary_large_image","twitter_misc":{"Szacowany czas czytania":"1 minuta"},"schema":{"@context":"https:\/\/schema.org","@graph":[{"@type":"WebSite","@id":"http:\/\/3.72.202.74:80\/#website","url":"http:\/\/3.72.202.74:80\/","name":"Petsly","description":"Healthy Pet, Happy Owner","potentialAction":[{"@type":"SearchAction","target":{"@type":"EntryPoint","urlTemplate":"http:\/\/3.72.202.74:80\/?s={search_term_string}"},"query-input":"required name=search_term_string"}],"inLanguage":"pl-PL"},{"@type":"WebPage","@id":"http:\/\/3.72.202.74\/pl\/zarzadzanie-klientem-i-zwierzetami\/#webpage","url":"http:\/\/3.72.202.74\/pl\/zarzadzanie-klientem-i-zwierzetami\/","name":"Petsly - Zarz\u0105dzanie klientem i zwierz\u0119tami","isPartOf":{"@id":"http:\/\/3.72.202.74:80\/#website"},"datePublished":"2021-04-30T09:36:53+00:00","dateModified":"2021-04-30T10:02:03+00:00","breadcrumb":{"@id":"http:\/\/3.72.202.74\/pl\/zarzadzanie-klientem-i-zwierzetami\/#breadcrumb"},"inLanguage":"pl-PL","potentialAction":[{"@type":"ReadAction","target":["http:\/\/3.72.202.74\/pl\/zarzadzanie-klientem-i-zwierzetami\/"]}]},{"@type":"BreadcrumbList","@id":"http:\/\/3.72.202.74\/pl\/zarzadzanie-klientem-i-zwierzetami\/#breadcrumb","itemListElement":[{"@type":"ListItem","position":1,"name":"Home","item":"https:\/\/3.72.202.74\/pl\/"},{"@type":"ListItem","position":2,"name":"Zarz\u0105dzanie klientem i zwierz\u0119tami"}]}]}},"_links":{"self":[{"href":"http:\/\/3.72.202.74\/pl\/wp-json\/wp\/v2\/pages\/6539"}],"collection":[{"href":"http:\/\/3.72.202.74\/pl\/wp-json\/wp\/v2\/pages"}],"about":[{"href":"http:\/\/3.72.202.74\/pl\/wp-json\/wp\/v2\/types\/page"}],"author":[{"embeddable":true,"href":"http:\/\/3.72.202.74\/pl\/wp-json\/wp\/v2\/users\/1"}],"replies":[{"embeddable":true,"href":"http:\/\/3.72.202.74\/pl\/wp-json\/wp\/v2\/comments?post=6539"}],"version-history":[{"count":6,"href":"http:\/\/3.72.202.74\/pl\/wp-json\/wp\/v2\/pages\/6539\/revisions"}],"predecessor-version":[{"id":6562,"href":"http:\/\/3.72.202.74\/pl\/wp-json\/wp\/v2\/pages\/6539\/revisions\/6562"}],"wp:attachment":[{"href":"http:\/\/3.72.202.74\/pl\/wp-json\/wp\/v2\/media?parent=6539"}],"curies":[{"name":"wp","href":"https:\/\/api.w.org\/{rel}","templated":true}]}}