{"id":6550,"date":"2021-04-30T11:42:49","date_gmt":"2021-04-30T09:42:49","guid":{"rendered":"http:\/\/3.72.202.74\/?page_id=6550"},"modified":"2021-04-30T11:42:49","modified_gmt":"2021-04-30T09:42:49","slug":"formularz-propozycji-funkcjonalnosci","status":"publish","type":"page","link":"http:\/\/3.72.202.74\/pl\/formularz-propozycji-funkcjonalnosci\/","title":{"rendered":"Formularz propozycji funkcjonalno\u015bci"},"content":{"rendered":"[vc_row type=&#8221;in_container&#8221; full_screen_row_position=&#8221;middle&#8221; column_margin=&#8221;default&#8221; column_direction=&#8221;default&#8221; column_direction_tablet=&#8221;default&#8221; column_direction_phone=&#8221;default&#8221; full_height=&#8221;yes&#8221; scene_position=&#8221;center&#8221; text_color=&#8221;dark&#8221; text_align=&#8221;left&#8221; row_border_radius=&#8221;none&#8221; row_border_radius_applies=&#8221;bg&#8221; overlay_strength=&#8221;0.3&#8243; gradient_direction=&#8221;left_to_right&#8221; shape_divider_position=&#8221;bottom&#8221; bg_image_animation=&#8221;none&#8221; shape_type=&#8221;&#8221;][vc_column column_padding=&#8221;no-extra-padding&#8221; column_padding_tablet=&#8221;inherit&#8221; column_padding_phone=&#8221;inherit&#8221; column_padding_position=&#8221;all&#8221; centered_text=&#8221;true&#8221; background_color_opacity=&#8221;1&#8243; background_hover_color_opacity=&#8221;1&#8243; column_shadow=&#8221;none&#8221; column_border_radius=&#8221;none&#8221; column_link_target=&#8221;_self&#8221; gradient_direction=&#8221;left_to_right&#8221; overlay_strength=&#8221;0.3&#8243; width=&#8221;1\/1&#8243; tablet_width_inherit=&#8221;default&#8221; tablet_text_alignment=&#8221;default&#8221; phone_text_alignment=&#8221;default&#8221; column_border_width=&#8221;none&#8221; column_border_style=&#8221;solid&#8221; bg_image_animation=&#8221;none&#8221;][nectar_highlighted_text color_type=&#8221;regular&#8221; style=&#8221;full_text&#8221;]\n<h2 style=\"text-align: center;\">Zaproponuj now\u0105 funkcjonalno\u015b\u0107<\/h2>\n[\/nectar_highlighted_text][vc_raw_html]JTNDZGl2JTIwY2xhc3MlM0QlMjJ0eXBlZm9ybS13aWRnZXQlMjIlMjBkYXRhLXVybCUzRCUyMmh0dHBzJTNBJTJGJTJGZm9ybS50eXBlZm9ybS5jb20lMkZ0byUyRk9TcThuMXdzJTNGdHlwZWZvcm0tbWVkaXVtJTNEZW1iZWQtc25pcHBldCUyMiUyMHN0eWxlJTNEJTIyd2lkdGglM0ElMjAxMDAlMjUlM0IlMjBoZWlnaHQlM0ElMjA2MDBweCUzQiUyMiUzRSUzQyUyRmRpdiUzRSUyMCUzQ3NjcmlwdCUzRSUyMCUyOGZ1bmN0aW9uJTI4JTI5JTIwJTdCJTIwdmFyJTIwcXMlMkNqcyUyQ3ElMkNzJTJDZCUzRGRvY3VtZW50JTJDJTIwZ2klM0RkLmdldEVsZW1lbnRCeUlkJTJDJTIwY2UlM0RkLmNyZWF0ZUVsZW1lbnQlMkMlMjBndCUzRGQuZ2V0RWxlbWVudHNCeVRhZ05hbWUlMkMlMjBpZCUzRCUyMnR5cGVmX29ybSUyMiUyQyUyMGIlM0QlMjJodHRwcyUzQSUyRiUyRmVtYmVkLnR5cGVmb3JtLmNvbSUyRiUyMiUzQiUyMGlmJTI4JTIxZ2kuY2FsbCUyOGQlMkNpZCUyOSUyOSUyMCU3QiUyMGpzJTNEY2UuY2FsbCUyOGQlMkMlMjJzY3JpcHQlMjIlMjklM0IlMjBqcy5pZCUzRGlkJTNCJTIwanMuc3JjJTNEYiUyQiUyMmVtYmVkLmpzJTIyJTNCJTIwcSUzRGd0LmNhbGwlMjhkJTJDJTIyc2NyaXB0JTIyJTI5JTVCMCU1RCUzQiUyMHEucGFyZW50Tm9kZS5pbnNlcnRCZWZvcmUlMjhqcyUyQ3ElMjklMjAlN0QlMjAlN0QlMjklMjglMjklMjAlM0MlMkZzY3JpcHQlM0UlMEE=[\/vc_raw_html][\/vc_column][\/vc_row]\n","protected":false},"excerpt":{"rendered":"<p>[vc_row type=&#8221;in_container&#8221; full_screen_row_position=&#8221;middle&#8221; column_margin=&#8221;default&#8221; column_direction=&#8221;default&#8221; column_direction_tablet=&#8221;default&#8221; column_direction_phone=&#8221;default&#8221; full_height=&#8221;yes&#8221; scene_position=&#8221;center&#8221; text_color=&#8221;dark&#8221; text_align=&#8221;left&#8221; row_border_radius=&#8221;none&#8221; row_border_radius_applies=&#8221;bg&#8221; overlay_strength=&#8221;0.3&#8243; gradient_direction=&#8221;left_to_right&#8221; shape_divider_position=&#8221;bottom&#8221; bg_image_animation=&#8221;none&#8221; shape_type=&#8221;&#8221;][vc_column column_padding=&#8221;no-extra-padding&#8221; column_padding_tablet=&#8221;inherit&#8221; column_padding_phone=&#8221;inherit&#8221; column_padding_position=&#8221;all&#8221; centered_text=&#8221;true&#8221; background_color_opacity=&#8221;1&#8243; background_hover_color_opacity=&#8221;1&#8243;&#8230;<\/p>\n","protected":false},"author":1,"featured_media":0,"parent":0,"menu_order":0,"comment_status":"closed","ping_status":"closed","template":"","meta":[],"yoast_head":"<!-- This site is optimized with the Yoast SEO plugin v18.6 - https:\/\/yoast.com\/wordpress\/plugins\/seo\/ -->\n<title>Petsly - Formularz propozycji funkcjonalno\u015bci<\/title>\n<meta name=\"robots\" content=\"index, follow, max-snippet:-1, max-image-preview:large, max-video-preview:-1\" \/>\n<link rel=\"canonical\" href=\"http:\/\/3.72.202.74\/pl\/formularz-propozycji-funkcjonalnosci\/\" \/>\n<meta property=\"og:locale\" content=\"pl_PL\" \/>\n<meta property=\"og:type\" content=\"article\" \/>\n<meta property=\"og:title\" content=\"Petsly - Formularz propozycji funkcjonalno\u015bci\" \/>\n<meta property=\"og:description\" content=\"[vc_row type=&#8221;in_container&#8221; full_screen_row_position=&#8221;middle&#8221; column_margin=&#8221;default&#8221; column_direction=&#8221;default&#8221; column_direction_tablet=&#8221;default&#8221; column_direction_phone=&#8221;default&#8221; full_height=&#8221;yes&#8221; scene_position=&#8221;center&#8221; text_color=&#8221;dark&#8221; text_align=&#8221;left&#8221; row_border_radius=&#8221;none&#8221; row_border_radius_applies=&#8221;bg&#8221; overlay_strength=&#8221;0.3&#8243; gradient_direction=&#8221;left_to_right&#8221; shape_divider_position=&#8221;bottom&#8221; bg_image_animation=&#8221;none&#8221; shape_type=&#8221;&#8221;][vc_column column_padding=&#8221;no-extra-padding&#8221; column_padding_tablet=&#8221;inherit&#8221; column_padding_phone=&#8221;inherit&#8221; column_padding_position=&#8221;all&#8221; centered_text=&#8221;true&#8221; background_color_opacity=&#8221;1&#8243; background_hover_color_opacity=&#8221;1&#8243;...\" \/>\n<meta property=\"og:url\" content=\"http:\/\/3.72.202.74\/pl\/formularz-propozycji-funkcjonalnosci\/\" \/>\n<meta property=\"og:site_name\" content=\"Petsly\" \/>\n<meta name=\"twitter:card\" content=\"summary_large_image\" \/>\n<meta name=\"twitter:label1\" content=\"Szacowany czas czytania\" \/>\n\t<meta name=\"twitter:data1\" content=\"1 minuta\" \/>\n<script type=\"application\/ld+json\" class=\"yoast-schema-graph\">{\"@context\":\"https:\/\/schema.org\",\"@graph\":[{\"@type\":\"WebSite\",\"@id\":\"https:\/\/3.72.202.74\/#website\",\"url\":\"https:\/\/3.72.202.74\/\",\"name\":\"Petsly\",\"description\":\"Healthy Pet, Happy Owner\",\"potentialAction\":[{\"@type\":\"SearchAction\",\"target\":{\"@type\":\"EntryPoint\",\"urlTemplate\":\"https:\/\/3.72.202.74\/?s={search_term_string}\"},\"query-input\":\"required name=search_term_string\"}],\"inLanguage\":\"pl-PL\"},{\"@type\":\"WebPage\",\"@id\":\"http:\/\/3.72.202.74\/pl\/formularz-propozycji-funkcjonalnosci\/#webpage\",\"url\":\"http:\/\/3.72.202.74\/pl\/formularz-propozycji-funkcjonalnosci\/\",\"name\":\"Petsly - Formularz propozycji funkcjonalno\u015bci\",\"isPartOf\":{\"@id\":\"https:\/\/3.72.202.74\/#website\"},\"datePublished\":\"2021-04-30T09:42:49+00:00\",\"dateModified\":\"2021-04-30T09:42:49+00:00\",\"breadcrumb\":{\"@id\":\"http:\/\/3.72.202.74\/pl\/formularz-propozycji-funkcjonalnosci\/#breadcrumb\"},\"inLanguage\":\"pl-PL\",\"potentialAction\":[{\"@type\":\"ReadAction\",\"target\":[\"http:\/\/3.72.202.74\/pl\/formularz-propozycji-funkcjonalnosci\/\"]}]},{\"@type\":\"BreadcrumbList\",\"@id\":\"http:\/\/3.72.202.74\/pl\/formularz-propozycji-funkcjonalnosci\/#breadcrumb\",\"itemListElement\":[{\"@type\":\"ListItem\",\"position\":1,\"name\":\"Home\",\"item\":\"https:\/\/3.72.202.74\/pl\/\"},{\"@type\":\"ListItem\",\"position\":2,\"name\":\"Formularz propozycji funkcjonalno\u015bci\"}]}]}<\/script>\n<!-- \/ Yoast SEO plugin. -->","yoast_head_json":{"title":"Petsly - Formularz propozycji funkcjonalno\u015bci","robots":{"index":"index","follow":"follow","max-snippet":"max-snippet:-1","max-image-preview":"max-image-preview:large","max-video-preview":"max-video-preview:-1"},"canonical":"http:\/\/3.72.202.74\/pl\/formularz-propozycji-funkcjonalnosci\/","og_locale":"pl_PL","og_type":"article","og_title":"Petsly - Formularz propozycji funkcjonalno\u015bci","og_description":"[vc_row type=&#8221;in_container&#8221; full_screen_row_position=&#8221;middle&#8221; column_margin=&#8221;default&#8221; column_direction=&#8221;default&#8221; column_direction_tablet=&#8221;default&#8221; column_direction_phone=&#8221;default&#8221; full_height=&#8221;yes&#8221; scene_position=&#8221;center&#8221; text_color=&#8221;dark&#8221; text_align=&#8221;left&#8221; row_border_radius=&#8221;none&#8221; row_border_radius_applies=&#8221;bg&#8221; overlay_strength=&#8221;0.3&#8243; gradient_direction=&#8221;left_to_right&#8221; shape_divider_position=&#8221;bottom&#8221; bg_image_animation=&#8221;none&#8221; shape_type=&#8221;&#8221;][vc_column column_padding=&#8221;no-extra-padding&#8221; column_padding_tablet=&#8221;inherit&#8221; column_padding_phone=&#8221;inherit&#8221; column_padding_position=&#8221;all&#8221; centered_text=&#8221;true&#8221; background_color_opacity=&#8221;1&#8243; background_hover_color_opacity=&#8221;1&#8243;...","og_url":"http:\/\/3.72.202.74\/pl\/formularz-propozycji-funkcjonalnosci\/","og_site_name":"Petsly","twitter_card":"summary_large_image","twitter_misc":{"Szacowany czas czytania":"1 minuta"},"schema":{"@context":"https:\/\/schema.org","@graph":[{"@type":"WebSite","@id":"https:\/\/3.72.202.74\/#website","url":"https:\/\/3.72.202.74\/","name":"Petsly","description":"Healthy Pet, Happy Owner","potentialAction":[{"@type":"SearchAction","target":{"@type":"EntryPoint","urlTemplate":"https:\/\/3.72.202.74\/?s={search_term_string}"},"query-input":"required name=search_term_string"}],"inLanguage":"pl-PL"},{"@type":"WebPage","@id":"http:\/\/3.72.202.74\/pl\/formularz-propozycji-funkcjonalnosci\/#webpage","url":"http:\/\/3.72.202.74\/pl\/formularz-propozycji-funkcjonalnosci\/","name":"Petsly - Formularz propozycji funkcjonalno\u015bci","isPartOf":{"@id":"https:\/\/3.72.202.74\/#website"},"datePublished":"2021-04-30T09:42:49+00:00","dateModified":"2021-04-30T09:42:49+00:00","breadcrumb":{"@id":"http:\/\/3.72.202.74\/pl\/formularz-propozycji-funkcjonalnosci\/#breadcrumb"},"inLanguage":"pl-PL","potentialAction":[{"@type":"ReadAction","target":["http:\/\/3.72.202.74\/pl\/formularz-propozycji-funkcjonalnosci\/"]}]},{"@type":"BreadcrumbList","@id":"http:\/\/3.72.202.74\/pl\/formularz-propozycji-funkcjonalnosci\/#breadcrumb","itemListElement":[{"@type":"ListItem","position":1,"name":"Home","item":"https:\/\/3.72.202.74\/pl\/"},{"@type":"ListItem","position":2,"name":"Formularz propozycji funkcjonalno\u015bci"}]}]}},"_links":{"self":[{"href":"http:\/\/3.72.202.74\/pl\/wp-json\/wp\/v2\/pages\/6550"}],"collection":[{"href":"http:\/\/3.72.202.74\/pl\/wp-json\/wp\/v2\/pages"}],"about":[{"href":"http:\/\/3.72.202.74\/pl\/wp-json\/wp\/v2\/types\/page"}],"author":[{"embeddable":true,"href":"http:\/\/3.72.202.74\/pl\/wp-json\/wp\/v2\/users\/1"}],"replies":[{"embeddable":true,"href":"http:\/\/3.72.202.74\/pl\/wp-json\/wp\/v2\/comments?post=6550"}],"version-history":[{"count":2,"href":"http:\/\/3.72.202.74\/pl\/wp-json\/wp\/v2\/pages\/6550\/revisions"}],"predecessor-version":[{"id":6552,"href":"http:\/\/3.72.202.74\/pl\/wp-json\/wp\/v2\/pages\/6550\/revisions\/6552"}],"wp:attachment":[{"href":"http:\/\/3.72.202.74\/pl\/wp-json\/wp\/v2\/media?parent=6550"}],"curies":[{"name":"wp","href":"https:\/\/api.w.org\/{rel}","templated":true}]}}